{"id":1121,"date":"2026-04-29T16:44:17","date_gmt":"2026-04-29T16:44:17","guid":{"rendered":"https:\/\/bechichi-zachary.mmigrenoble-dev.fr\/?page_id=1121"},"modified":"2026-04-30T09:08:04","modified_gmt":"2026-04-30T09:08:04","slug":"projet","status":"publish","type":"page","link":"https:\/\/bechichi-zachary.mmigrenoble-dev.fr\/?page_id=1121","title":{"rendered":"Projet"},"content":{"rendered":"\t\t<div data-elementor-type=\"wp-page\" data-elementor-id=\"1121\" class=\"elementor elementor-1121\">\n\t\t\t\t<div class=\"elementor-element elementor-element-158981b e-con-full e-flex elementor-invisible e-con e-parent\" data-id=\"158981b\" data-element_type=\"container\" data-e-type=\"container\" data-settings=\"{&quot;background_background&quot;:&quot;classic&quot;,&quot;animation&quot;:&quot;fadeIn&quot;}\">\n\t\t<div class=\"elementor-element elementor-element-a2ea2cc e-grid e-con-boxed e-con e-child\" data-id=\"a2ea2cc\" data-element_type=\"container\" data-e-type=\"container\">\n\t\t\t\t\t<div class=\"e-con-inner\">\n\t\t\t\t<div class=\"elementor-element elementor-element-5abf54a elementor-widget elementor-widget-heading\" data-id=\"5abf54a\" data-element_type=\"widget\" data-e-type=\"widget\" data-widget_type=\"heading.default\">\n\t\t\t\t\t<h2 class=\"elementor-heading-title elementor-size-default\">R\u00e9aliser une BD<\/h2>\t\t\t\t<\/div>\n\t\t\t\t<div class=\"elementor-element elementor-element-e27ca68 elementor-widget elementor-widget-text-editor\" data-id=\"e27ca68\" data-element_type=\"widget\" data-e-type=\"widget\" data-widget_type=\"text-editor.default\">\n\t\t\t\t\t\t\t\t\t<p>J\u2019ai depuis tout petit le r\u00eave de cr\u00e9er une Bande Dessin\u00e9e, afin de mettre sur<br \/>papier mes id\u00e9es les plus folles. J\u2019ai r\u00e9cemment d\u00e9cid\u00e9 de me consacrer \u00e0 ce<br \/>projet plus s\u00e9rieusement&#8230;<\/p><p>C&rsquo;est une histoire qui se d\u00e9roule dans un univers fictif, inspir\u00e9 de la science fiction.\u00a0<\/p><p>Mori vit dans le pays Indigo, un pays pauvre et malfam\u00e9, il a du apprendre \u00e0 vivre par lui-m\u00eame. Un jour, un homme myst\u00e9rieux vient \u00e0 sa rencontre, avec la volont\u00e9 de lui faire d\u00e9couvrir le monde.\u00a0<\/p>\t\t\t\t\t\t\t\t<\/div>\n\t\t\t\t\t<\/div>\n\t\t\t\t<\/div>\n\t\t\t\t<\/div>\n\t\t<div class=\"elementor-element elementor-element-7efa018 e-flex e-con-boxed elementor-invisible e-con e-parent\" data-id=\"7efa018\" data-element_type=\"container\" data-e-type=\"container\" data-settings=\"{&quot;background_background&quot;:&quot;classic&quot;,&quot;animation&quot;:&quot;fadeIn&quot;}\">\n\t\t\t\t\t<div class=\"e-con-inner\">\n\t\t<div class=\"elementor-element elementor-element-1303296 e-grid e-con-full e-con e-child\" data-id=\"1303296\" data-element_type=\"container\" data-e-type=\"container\">\n\t\t<div class=\"elementor-element elementor-element-3759409 e-grid e-con-full e-con e-child\" data-id=\"3759409\" data-element_type=\"container\" data-e-type=\"container\">\n\t\t\t\t<div class=\"elementor-element elementor-element-6439f3b elementor-widget elementor-widget-heading\" data-id=\"6439f3b\" data-element_type=\"widget\" data-e-type=\"widget\" data-widget_type=\"heading.default\">\n\t\t\t\t\t<h2 class=\"elementor-heading-title elementor-size-default\">Croquis<\/h2>\t\t\t\t<\/div>\n\t\t\t\t<div class=\"elementor-element elementor-element-a9d2e45 elementor-widget elementor-widget-image\" data-id=\"a9d2e45\" data-element_type=\"widget\" data-e-type=\"widget\" data-widget_type=\"image.default\">\n\t\t\t\t\t\t\t\t\t\t\t\t\t\t\t<img fetchpriority=\"high\" decoding=\"async\" width=\"800\" height=\"534\" src=\"https:\/\/bechichi-zachary.mmigrenoble-dev.fr\/wp-content\/uploads\/2026\/04\/carnet12-1024x683.jpg\" class=\"attachment-large size-large wp-image-1203\" alt=\"\" srcset=\"https:\/\/bechichi-zachary.mmigrenoble-dev.fr\/wp-content\/uploads\/2026\/04\/carnet12-1024x683.jpg 1024w, https:\/\/bechichi-zachary.mmigrenoble-dev.fr\/wp-content\/uploads\/2026\/04\/carnet12-300x200.jpg 300w, https:\/\/bechichi-zachary.mmigrenoble-dev.fr\/wp-content\/uploads\/2026\/04\/carnet12-768x512.jpg 768w, https:\/\/bechichi-zachary.mmigrenoble-dev.fr\/wp-content\/uploads\/2026\/04\/carnet12-1536x1024.jpg 1536w, https:\/\/bechichi-zachary.mmigrenoble-dev.fr\/wp-content\/uploads\/2026\/04\/carnet12-2048x1365.jpg 2048w\" sizes=\"(max-width: 800px) 100vw, 800px\" \/>\t\t\t\t\t\t\t\t\t\t\t\t\t\t\t<\/div>\n\t\t\t\t<\/div>\n\t\t<div class=\"elementor-element elementor-element-a83caef e-grid e-con-full e-con e-child\" data-id=\"a83caef\" data-element_type=\"container\" data-e-type=\"container\">\n\t\t\t\t<div class=\"elementor-element elementor-element-9cddc2d elementor-widget elementor-widget-image\" data-id=\"9cddc2d\" data-element_type=\"widget\" data-e-type=\"widget\" data-widget_type=\"image.default\">\n\t\t\t\t\t\t\t\t\t\t\t\t\t\t\t<img decoding=\"async\" width=\"800\" height=\"534\" src=\"https:\/\/bechichi-zachary.mmigrenoble-dev.fr\/wp-content\/uploads\/2026\/04\/carnet10-1024x683.jpg\" class=\"attachment-large size-large wp-image-1204\" alt=\"\" srcset=\"https:\/\/bechichi-zachary.mmigrenoble-dev.fr\/wp-content\/uploads\/2026\/04\/carnet10-1024x683.jpg 1024w, https:\/\/bechichi-zachary.mmigrenoble-dev.fr\/wp-content\/uploads\/2026\/04\/carnet10-300x200.jpg 300w, https:\/\/bechichi-zachary.mmigrenoble-dev.fr\/wp-content\/uploads\/2026\/04\/carnet10-768x512.jpg 768w, https:\/\/bechichi-zachary.mmigrenoble-dev.fr\/wp-content\/uploads\/2026\/04\/carnet10-1536x1024.jpg 1536w, https:\/\/bechichi-zachary.mmigrenoble-dev.fr\/wp-content\/uploads\/2026\/04\/carnet10-2048x1365.jpg 2048w\" sizes=\"(max-width: 800px) 100vw, 800px\" \/>\t\t\t\t\t\t\t\t\t\t\t\t\t\t\t<\/div>\n\t\t\t\t<div class=\"elementor-element elementor-element-e59a113 elementor-widget elementor-widget-heading\" data-id=\"e59a113\" data-element_type=\"widget\" data-e-type=\"widget\" data-widget_type=\"heading.default\">\n\t\t\t\t\t<h2 class=\"elementor-heading-title elementor-size-default\">tests<\/h2>\t\t\t\t<\/div>\n\t\t\t\t<\/div>\n\t\t\t\t<\/div>\n\t\t\t\t\t<\/div>\n\t\t\t\t<\/div>\n\t\t<div class=\"elementor-element elementor-element-6481cc0 e-flex e-con-boxed e-con e-parent\" data-id=\"6481cc0\" data-element_type=\"container\" data-e-type=\"container\" data-settings=\"{&quot;background_background&quot;:&quot;classic&quot;}\">\n\t\t\t\t\t<div class=\"e-con-inner\">\n\t\t<div class=\"elementor-element elementor-element-e80173d e-grid e-con-full elementor-invisible e-con e-child\" data-id=\"e80173d\" data-element_type=\"container\" data-e-type=\"container\" data-settings=\"{&quot;animation&quot;:&quot;fadeIn&quot;}\">\n\t\t\t\t<div class=\"elementor-element elementor-element-026a791 elementor-widget elementor-widget-heading\" data-id=\"026a791\" data-element_type=\"widget\" data-e-type=\"widget\" data-widget_type=\"heading.default\">\n\t\t\t\t\t<h2 class=\"elementor-heading-title elementor-size-default\">Processus de r\u00e9alisation<\/h2>\t\t\t\t<\/div>\n\t\t\t\t<div class=\"elementor-element elementor-element-ab6c9af elementor-arrows-position-outside elementor-pagination-position-outside elementor-widget elementor-widget-image-carousel\" data-id=\"ab6c9af\" data-element_type=\"widget\" data-e-type=\"widget\" data-settings=\"{&quot;slides_to_show&quot;:&quot;3&quot;,&quot;navigation&quot;:&quot;both&quot;,&quot;autoplay&quot;:&quot;yes&quot;,&quot;pause_on_hover&quot;:&quot;yes&quot;,&quot;pause_on_interaction&quot;:&quot;yes&quot;,&quot;autoplay_speed&quot;:5000,&quot;infinite&quot;:&quot;yes&quot;,&quot;speed&quot;:500}\" data-widget_type=\"image-carousel.default\">\n\t\t\t\t\t\t\t<div class=\"elementor-image-carousel-wrapper swiper\" role=\"region\" aria-roledescription=\"carousel\" aria-label=\"Carrousel d\u2019images\" dir=\"ltr\">\n\t\t\t<div class=\"elementor-image-carousel swiper-wrapper\" aria-live=\"off\">\n\t\t\t\t\t\t\t\t<div class=\"swiper-slide\" role=\"group\" aria-roledescription=\"slide\" aria-label=\"1 sur 3\"><a data-elementor-open-lightbox=\"yes\" data-elementor-lightbox-slideshow=\"ab6c9af\" data-elementor-lightbox-title=\"bd croquis\" data-e-action-hash=\"#elementor-action%3Aaction%3Dlightbox%26settings%3DeyJpZCI6MTIwOSwidXJsIjoiaHR0cHM6XC9cL2JlY2hpY2hpLXphY2hhcnkubW1pZ3Jlbm9ibGUtZGV2LmZyXC93cC1jb250ZW50XC91cGxvYWRzXC8yMDI2XC8wNFwvYmQtY3JvcXVpcy1zY2FsZWQuanBnIiwic2xpZGVzaG93IjoiYWI2YzlhZiJ9\" href=\"https:\/\/bechichi-zachary.mmigrenoble-dev.fr\/wp-content\/uploads\/2026\/04\/bd-croquis-scaled.jpg\"><figure class=\"swiper-slide-inner\"><img decoding=\"async\" class=\"swiper-slide-image\" src=\"https:\/\/bechichi-zachary.mmigrenoble-dev.fr\/wp-content\/uploads\/2026\/04\/bd-croquis-200x300.jpg\" alt=\"croquis\" \/><\/figure><\/a><\/div><div class=\"swiper-slide\" role=\"group\" aria-roledescription=\"slide\" aria-label=\"2 sur 3\"><a data-elementor-open-lightbox=\"yes\" data-elementor-lightbox-slideshow=\"ab6c9af\" data-elementor-lightbox-title=\"bd final papier\" data-e-action-hash=\"#elementor-action%3Aaction%3Dlightbox%26settings%3DeyJpZCI6MTIwOCwidXJsIjoiaHR0cHM6XC9cL2JlY2hpY2hpLXphY2hhcnkubW1pZ3Jlbm9ibGUtZGV2LmZyXC93cC1jb250ZW50XC91cGxvYWRzXC8yMDI2XC8wNFwvYmQtZmluYWwtcGFwaWVyLmpwZyIsInNsaWRlc2hvdyI6ImFiNmM5YWYifQ%3D%3D\" href=\"https:\/\/bechichi-zachary.mmigrenoble-dev.fr\/wp-content\/uploads\/2026\/04\/bd-final-papier.jpg\"><figure class=\"swiper-slide-inner\"><img decoding=\"async\" class=\"swiper-slide-image\" src=\"https:\/\/bechichi-zachary.mmigrenoble-dev.fr\/wp-content\/uploads\/2026\/04\/bd-final-papier-211x300.jpg\" alt=\"final papier\" \/><\/figure><\/a><\/div><div class=\"swiper-slide\" role=\"group\" aria-roledescription=\"slide\" aria-label=\"3 sur 3\"><a data-elementor-open-lightbox=\"yes\" data-elementor-lightbox-slideshow=\"ab6c9af\" data-elementor-lightbox-title=\"BD page idk (1)\" data-e-action-hash=\"#elementor-action%3Aaction%3Dlightbox%26settings%3DeyJpZCI6MTIwNywidXJsIjoiaHR0cHM6XC9cL2JlY2hpY2hpLXphY2hhcnkubW1pZ3Jlbm9ibGUtZGV2LmZyXC93cC1jb250ZW50XC91cGxvYWRzXC8yMDI2XC8wNFwvQkQtcGFnZS1pZGstMS0xLXNjYWxlZC5qcGciLCJzbGlkZXNob3ciOiJhYjZjOWFmIn0%3D\" href=\"https:\/\/bechichi-zachary.mmigrenoble-dev.fr\/wp-content\/uploads\/2026\/04\/BD-page-idk-1-1-scaled.jpg\"><figure class=\"swiper-slide-inner\"><img decoding=\"async\" class=\"swiper-slide-image\" src=\"https:\/\/bechichi-zachary.mmigrenoble-dev.fr\/wp-content\/uploads\/2026\/04\/BD-page-idk-1-1-212x300.jpg\" alt=\"final digital\" \/><\/figure><\/a><\/div>\t\t\t<\/div>\n\t\t\t\t\t\t\t\t\t\t\t\t<div class=\"elementor-swiper-button elementor-swiper-button-prev\" role=\"button\" tabindex=\"0\">\n\t\t\t\t\t\t<svg aria-hidden=\"true\" class=\"e-font-icon-svg e-eicon-chevron-left\" viewBox=\"0 0 1000 1000\" xmlns=\"http:\/\/www.w3.org\/2000\/svg\"><path d=\"M646 125C629 125 613 133 604 142L308 442C296 454 292 471 292 487 292 504 296 521 308 533L604 854C617 867 629 875 646 875 663 875 679 871 692 858 704 846 713 829 713 812 713 796 708 779 692 767L438 487 692 225C700 217 708 204 708 187 708 171 704 154 692 142 675 129 663 125 646 125Z\"><\/path><\/svg>\t\t\t\t\t<\/div>\n\t\t\t\t\t<div class=\"elementor-swiper-button elementor-swiper-button-next\" role=\"button\" tabindex=\"0\">\n\t\t\t\t\t\t<svg aria-hidden=\"true\" class=\"e-font-icon-svg e-eicon-chevron-right\" viewBox=\"0 0 1000 1000\" xmlns=\"http:\/\/www.w3.org\/2000\/svg\"><path d=\"M696 533C708 521 713 504 713 487 713 471 708 454 696 446L400 146C388 133 375 125 354 125 338 125 325 129 313 142 300 154 292 171 292 187 292 204 296 221 308 233L563 492 304 771C292 783 288 800 288 817 288 833 296 850 308 863 321 871 338 875 354 875 371 875 388 867 400 854L696 533Z\"><\/path><\/svg>\t\t\t\t\t<\/div>\n\t\t\t\t\n\t\t\t\t\t\t\t\t\t<div class=\"swiper-pagination\"><\/div>\n\t\t\t\t\t\t\t\t\t<\/div>\n\t\t\t\t\t\t<\/div>\n\t\t\t\t<div class=\"elementor-element elementor-element-94a4165 elementor-widget elementor-widget-text-editor\" data-id=\"94a4165\" data-element_type=\"widget\" data-e-type=\"widget\" data-widget_type=\"text-editor.default\">\n\t\t\t\t\t\t\t\t\t<p>Voici la r\u00e9alisation d&rsquo;une planche. Tout d&rsquo;abord le croquis sur papier, ensuite au propre sur une autre feuille \u00e0 l&rsquo;encre et l&rsquo;aquarelle, et pour finir la version finale en digital.<\/p>\t\t\t\t\t\t\t\t<\/div>\n\t\t\t\t<\/div>\n\t\t\t\t\t<\/div>\n\t\t\t\t<\/div>\n\t\t\t\t<\/div>\n\t\t","protected":false},"excerpt":{"rendered":"<p>R\u00e9aliser une BD J\u2019ai depuis tout petit le r\u00eave de cr\u00e9er une Bande Dessin\u00e9e, afin de mettre surpapier mes id\u00e9es les plus folles. J\u2019ai r\u00e9cemment d\u00e9cid\u00e9 de me consacrer \u00e0 ceprojet plus s\u00e9rieusement&#8230; C&rsquo;est une histoire qui se d\u00e9roule dans un univers fictif, inspir\u00e9 de la science fiction.\u00a0 Mori vit dans le pays Indigo, un [&hellip;]<\/p>\n","protected":false},"author":5,"featured_media":0,"parent":0,"menu_order":0,"comment_status":"closed","ping_status":"closed","template":"","meta":{"footnotes":""},"class_list":["post-1121","page","type-page","status-publish","hentry"],"_links":{"self":[{"href":"https:\/\/bechichi-zachary.mmigrenoble-dev.fr\/index.php?rest_route=\/wp\/v2\/pages\/1121","targetHints":{"allow":["GET"]}}],"collection":[{"href":"https:\/\/bechichi-zachary.mmigrenoble-dev.fr\/index.php?rest_route=\/wp\/v2\/pages"}],"about":[{"href":"https:\/\/bechichi-zachary.mmigrenoble-dev.fr\/index.php?rest_route=\/wp\/v2\/types\/page"}],"author":[{"embeddable":true,"href":"https:\/\/bechichi-zachary.mmigrenoble-dev.fr\/index.php?rest_route=\/wp\/v2\/users\/5"}],"replies":[{"embeddable":true,"href":"https:\/\/bechichi-zachary.mmigrenoble-dev.fr\/index.php?rest_route=%2Fwp%2Fv2%2Fcomments&post=1121"}],"version-history":[{"count":10,"href":"https:\/\/bechichi-zachary.mmigrenoble-dev.fr\/index.php?rest_route=\/wp\/v2\/pages\/1121\/revisions"}],"predecessor-version":[{"id":1215,"href":"https:\/\/bechichi-zachary.mmigrenoble-dev.fr\/index.php?rest_route=\/wp\/v2\/pages\/1121\/revisions\/1215"}],"wp:attachment":[{"href":"https:\/\/bechichi-zachary.mmigrenoble-dev.fr\/index.php?rest_route=%2Fwp%2Fv2%2Fmedia&parent=1121"}],"curies":[{"name":"wp","href":"https:\/\/api.w.org\/{rel}","templated":true}]}}