{"id":31,"date":"2026-04-15T15:05:15","date_gmt":"2026-04-15T15:05:15","guid":{"rendered":"https:\/\/bechichi-zachary.mmigrenoble-dev.fr\/?page_id=31"},"modified":"2026-04-26T15:07:35","modified_gmt":"2026-04-26T15:07:35","slug":"accueil","status":"publish","type":"page","link":"https:\/\/bechichi-zachary.mmigrenoble-dev.fr\/","title":{"rendered":"Accueil"},"content":{"rendered":"\t\t<div data-elementor-type=\"wp-page\" data-elementor-id=\"31\" class=\"elementor elementor-31\">\n\t\t\t\t<div class=\"elementor-element elementor-element-3250b46 e-flex e-con-boxed e-con e-parent\" data-id=\"3250b46\" data-element_type=\"container\" data-e-type=\"container\" data-settings=\"{&quot;background_background&quot;:&quot;classic&quot;}\">\n\t\t\t\t\t<div class=\"e-con-inner\">\n\t\t<div class=\"elementor-element elementor-element-05fb67b e-grid e-con-full e-con e-child\" data-id=\"05fb67b\" data-element_type=\"container\" data-e-type=\"container\">\n\t\t\t\t<div class=\"elementor-element elementor-element-4516678 elementor-invisible elementor-widget elementor-widget-image\" data-id=\"4516678\" data-element_type=\"widget\" data-e-type=\"widget\" data-settings=\"{&quot;_animation&quot;:&quot;lightSpeedIn&quot;}\" data-widget_type=\"image.default\">\n\t\t\t\t\t\t\t\t\t\t\t\t\t\t\t\t<a href=\"https:\/\/bechichi-zachary.mmigrenoble-dev.fr\/?page_id=251\">\n\t\t\t\t\t\t\t<img fetchpriority=\"high\" decoding=\"async\" width=\"800\" height=\"800\" src=\"https:\/\/bechichi-zachary.mmigrenoble-dev.fr\/wp-content\/uploads\/2026\/04\/moi-sansbg-1024x1024.png\" class=\"elementor-animation-skew-forward attachment-large size-large wp-image-72\" alt=\"\" srcset=\"https:\/\/bechichi-zachary.mmigrenoble-dev.fr\/wp-content\/uploads\/2026\/04\/moi-sansbg-1024x1024.png 1024w, https:\/\/bechichi-zachary.mmigrenoble-dev.fr\/wp-content\/uploads\/2026\/04\/moi-sansbg-300x300.png 300w, https:\/\/bechichi-zachary.mmigrenoble-dev.fr\/wp-content\/uploads\/2026\/04\/moi-sansbg-150x150.png 150w, https:\/\/bechichi-zachary.mmigrenoble-dev.fr\/wp-content\/uploads\/2026\/04\/moi-sansbg-768x768.png 768w, https:\/\/bechichi-zachary.mmigrenoble-dev.fr\/wp-content\/uploads\/2026\/04\/moi-sansbg-1536x1536.png 1536w, https:\/\/bechichi-zachary.mmigrenoble-dev.fr\/wp-content\/uploads\/2026\/04\/moi-sansbg-2048x2048.png 2048w\" sizes=\"(max-width: 800px) 100vw, 800px\" \/>\t\t\t\t\t\t\t\t<\/a>\n\t\t\t\t\t\t\t\t\t\t\t\t\t\t\t<\/div>\n\t\t\t\t<div class=\"elementor-element elementor-element-a2306b5 elementor-invisible elementor-widget elementor-widget-heading\" data-id=\"a2306b5\" data-element_type=\"widget\" data-e-type=\"widget\" data-settings=\"{&quot;_animation&quot;:&quot;fadeInRight&quot;}\" data-widget_type=\"heading.default\">\n\t\t\t\t\t<h2 class=\"elementor-heading-title elementor-size-default\">zachary<br><br>\n\n\nbechichi<\/h2>\t\t\t\t<\/div>\n\t\t\t\t<\/div>\n\t\t\t\t\t<\/div>\n\t\t\t\t<\/div>\n\t\t<div class=\"elementor-element elementor-element-cc1118e e-flex e-con-boxed e-con e-parent\" data-id=\"cc1118e\" data-element_type=\"container\" data-e-type=\"container\" data-settings=\"{&quot;background_background&quot;:&quot;classic&quot;}\">\n\t\t\t\t\t<div class=\"e-con-inner\">\n\t\t<div class=\"elementor-element elementor-element-185e518 e-grid e-con-full e-con e-child\" data-id=\"185e518\" data-element_type=\"container\" data-e-type=\"container\">\n\t\t\t\t<div class=\"elementor-element elementor-element-39f98c5 elementor-view-default elementor-widget elementor-widget-icon\" data-id=\"39f98c5\" data-element_type=\"widget\" data-e-type=\"widget\" data-widget_type=\"icon.default\">\n\t\t\t\t\t\t\t<div class=\"elementor-icon-wrapper\">\n\t\t\t<div class=\"elementor-icon\">\n\t\t\t<svg aria-hidden=\"true\" class=\"e-font-icon-svg e-far-arrow-alt-circle-right\" viewBox=\"0 0 512 512\" xmlns=\"http:\/\/www.w3.org\/2000\/svg\"><path d=\"M504 256C504 119 393 8 256 8S8 119 8 256s111 248 248 248 248-111 248-248zm-448 0c0-110.5 89.5-200 200-200s200 89.5 200 200-89.5 200-200 200S56 366.5 56 256zm72 20v-40c0-6.6 5.4-12 12-12h116v-67c0-10.7 12.9-16 20.5-8.5l99 99c4.7 4.7 4.7 12.3 0 17l-99 99c-7.6 7.6-20.5 2.2-20.5-8.5v-67H140c-6.6 0-12-5.4-12-12z\"><\/path><\/svg>\t\t\t<\/div>\n\t\t<\/div>\n\t\t\t\t\t\t<\/div>\n\t\t\t\t<div class=\"elementor-element elementor-element-78ce95c elementor-widget__width-initial elementor-invisible elementor-widget elementor-widget-text-editor\" data-id=\"78ce95c\" data-element_type=\"widget\" data-e-type=\"widget\" data-settings=\"{&quot;_animation&quot;:&quot;fadeIn&quot;}\" data-widget_type=\"text-editor.default\">\n\t\t\t\t\t\t\t\t\t<pre>Salut ! Voici mon portfolio, ici tu vas pouvoir d\u00e9couvrir mon univers \u00e0 travers plusieurs de mes cr\u00e9ations.<\/pre><p>Je suis \u00e9tudiant en BUT MMI, mais je voudrais entrer en \u00e9cole d&rsquo;art pour r\u00e9aliser un jour mon r\u00eave &#8211; cr\u00e9er une BD !<\/p>\t\t\t\t\t\t\t\t<\/div>\n\t\t\t\t<div class=\"elementor-element elementor-element-d811158 elementor-view-default elementor-widget elementor-widget-icon\" data-id=\"d811158\" data-element_type=\"widget\" data-e-type=\"widget\" data-widget_type=\"icon.default\">\n\t\t\t\t\t\t\t<div class=\"elementor-icon-wrapper\">\n\t\t\t<div class=\"elementor-icon\">\n\t\t\t<svg aria-hidden=\"true\" class=\"e-font-icon-svg e-far-arrow-alt-circle-left\" viewBox=\"0 0 512 512\" xmlns=\"http:\/\/www.w3.org\/2000\/svg\"><path d=\"M8 256c0 137 111 248 248 248s248-111 248-248S393 8 256 8 8 119 8 256zm448 0c0 110.5-89.5 200-200 200S56 366.5 56 256 145.5 56 256 56s200 89.5 200 200zm-72-20v40c0 6.6-5.4 12-12 12H256v67c0 10.7-12.9 16-20.5 8.5l-99-99c-4.7-4.7-4.7-12.3 0-17l99-99c7.6-7.6 20.5-2.2 20.5 8.5v67h116c6.6 0 12 5.4 12 12z\"><\/path><\/svg>\t\t\t<\/div>\n\t\t<\/div>\n\t\t\t\t\t\t<\/div>\n\t\t\t\t<\/div>\n\t\t\t\t\t<\/div>\n\t\t\t\t<\/div>\n\t\t<div class=\"elementor-element elementor-element-a1e7cd7 e-flex e-con-boxed e-con e-parent\" data-id=\"a1e7cd7\" data-element_type=\"container\" data-e-type=\"container\" data-settings=\"{&quot;background_background&quot;:&quot;classic&quot;}\">\n\t\t\t\t\t<div class=\"e-con-inner\">\n\t\t<div class=\"elementor-element elementor-element-b78c99a e-grid e-con-full e-con e-child\" data-id=\"b78c99a\" data-element_type=\"container\" data-e-type=\"container\">\n\t\t\t\t<div class=\"elementor-element elementor-element-f5d5383 elementor-invisible elementor-widget elementor-widget-heading\" data-id=\"f5d5383\" data-element_type=\"widget\" data-e-type=\"widget\" data-settings=\"{&quot;_animation&quot;:&quot;fadeIn&quot;}\" data-widget_type=\"heading.default\">\n\t\t\t\t\t<h2 class=\"elementor-heading-title elementor-size-default\">regarde la page suivante\n\n\npour en apprendre +<\/h2>\t\t\t\t<\/div>\n\t\t\t\t<div class=\"elementor-element elementor-element-bdf26ec elementor-align-center elementor-invisible elementor-widget elementor-widget-button\" data-id=\"bdf26ec\" data-element_type=\"widget\" data-e-type=\"widget\" data-settings=\"{&quot;_animation&quot;:&quot;fadeIn&quot;}\" data-widget_type=\"button.default\">\n\t\t\t\t\t\t\t\t\t\t<a class=\"elementor-button elementor-button-link elementor-size-sm elementor-animation-shrink\" href=\"https:\/\/bechichi-zachary.mmigrenoble-dev.fr\/?page_id=251\">\n\t\t\t\t\t\t<span class=\"elementor-button-content-wrapper\">\n\t\t\t\t\t\t\t\t\t<span class=\"elementor-button-text\">CLIQUE ICI !<\/span>\n\t\t\t\t\t<\/span>\n\t\t\t\t\t<\/a>\n\t\t\t\t\t\t\t\t<\/div>\n\t\t\t\t<div class=\"elementor-element elementor-element-4de6cc4 elementor-invisible elementor-widget elementor-widget-text-editor\" data-id=\"4de6cc4\" data-element_type=\"widget\" data-e-type=\"widget\" data-settings=\"{&quot;_animation&quot;:&quot;fadeIn&quot;}\" data-widget_type=\"text-editor.default\">\n\t\t\t\t\t\t\t\t\t<p>Ou sur ma t\u00eate un peu plus haut\u00a0<\/p>\t\t\t\t\t\t\t\t<\/div>\n\t\t\t\t<\/div>\n\t\t\t\t\t<\/div>\n\t\t\t\t<\/div>\n\t\t\t\t<\/div>\n\t\t","protected":false},"excerpt":{"rendered":"<p>zachary bechichi Salut ! Voici mon portfolio, ici tu vas pouvoir d\u00e9couvrir mon univers \u00e0 travers plusieurs de mes cr\u00e9ations. Je suis \u00e9tudiant en BUT MMI, mais je voudrais entrer en \u00e9cole d&rsquo;art pour r\u00e9aliser un jour mon r\u00eave &#8211; cr\u00e9er une BD ! regarde la page suivante pour en apprendre + CLIQUE ICI ! [&hellip;]<\/p>\n","protected":false},"author":5,"featured_media":0,"parent":0,"menu_order":0,"comment_status":"closed","ping_status":"closed","template":"","meta":{"footnotes":""},"class_list":["post-31","page","type-page","status-publish","hentry"],"_links":{"self":[{"href":"https:\/\/bechichi-zachary.mmigrenoble-dev.fr\/index.php?rest_route=\/wp\/v2\/pages\/31","targetHints":{"allow":["GET"]}}],"collection":[{"href":"https:\/\/bechichi-zachary.mmigrenoble-dev.fr\/index.php?rest_route=\/wp\/v2\/pages"}],"about":[{"href":"https:\/\/bechichi-zachary.mmigrenoble-dev.fr\/index.php?rest_route=\/wp\/v2\/types\/page"}],"author":[{"embeddable":true,"href":"https:\/\/bechichi-zachary.mmigrenoble-dev.fr\/index.php?rest_route=\/wp\/v2\/users\/5"}],"replies":[{"embeddable":true,"href":"https:\/\/bechichi-zachary.mmigrenoble-dev.fr\/index.php?rest_route=%2Fwp%2Fv2%2Fcomments&post=31"}],"version-history":[{"count":166,"href":"https:\/\/bechichi-zachary.mmigrenoble-dev.fr\/index.php?rest_route=\/wp\/v2\/pages\/31\/revisions"}],"predecessor-version":[{"id":617,"href":"https:\/\/bechichi-zachary.mmigrenoble-dev.fr\/index.php?rest_route=\/wp\/v2\/pages\/31\/revisions\/617"}],"wp:attachment":[{"href":"https:\/\/bechichi-zachary.mmigrenoble-dev.fr\/index.php?rest_route=%2Fwp%2Fv2%2Fmedia&parent=31"}],"curies":[{"name":"wp","href":"https:\/\/api.w.org\/{rel}","templated":true}]}}